{"id":16999,"date":"2023-06-21T13:48:09","date_gmt":"2023-06-21T11:48:09","guid":{"rendered":"https:\/\/biurokarier-test.wum.edu.pl\/?page_id=16999"},"modified":"2023-07-20T10:19:30","modified_gmt":"2023-07-20T08:19:30","slug":"sign-up-for-newsletter","status":"publish","type":"page","link":"https:\/\/biurokarier-test.wum.edu.pl\/en\/sign-up-for-newsletter\/","title":{"rendered":"Sign up for newsletter!"},"content":{"rendered":"<div class=\"wpb-content-wrapper\"><p>[vc_row inner_container=&#8221;true&#8221;][vc_column][vc_column_text]Do\u0142\u0105cz do newslettera i b\u0105d\u017a na bie\u017c\u0105co![\/vc_column_text][vc_column_text]<\/p>\n<pre class=\"wp-block-preformatted\"><div class=\"tnp tnp-subscription bs-newsletter-form\">\n<form method=\"post\" action=\"https:\/\/biurokarier-test.wum.edu.pl\/wp-admin\/admin-ajax.php?action=tnp&amp;na=s\">\n<input type=\"hidden\" name=\"nlang\" value=\"en\">\n<div class=\"tnp-field tnp-field-email\"><label for=\"tnp-1\">Email<\/label>\n<input class=\"tnp-email\" type=\"email\" name=\"ne\" id=\"tnp-1\" value=\"\" placeholder=\"\" required><\/div>\n<div class=\"tnp-field tnp-privacy-field\"><label><input type=\"checkbox\" name=\"ny\" required class=\"tnp-privacy\"> I consent to the processing of my personal data for the purpose of sending e-mail messages in accordance with the privacy policy by the Career Service of the Warsaw Medical University for the purpose of receiving the newsletter<\/label><\/div><div class=\"tnp-field tnp-field-button\" style=\"text-align: left\"><input class=\"tnp-submit\" type=\"submit\" value=\"Subscribe\" style=\"\">\n<\/div>\n<\/form>\n<\/div>\n<\/pre>\n<p>[\/vc_column_text][\/vc_column][\/vc_row]<\/p>\n<\/div>","protected":false},"excerpt":{"rendered":"<p>[vc_row inner_container=&#8221;true&#8221;][vc_column][vc_column_text]Do\u0142\u0105cz do newslettera i b\u0105d\u017a na bie\u017c\u0105co![\/vc_column_text][vc_column_text] [\/vc_column_text][\/vc_column][\/vc_row]<\/p>\n","protected":false},"author":4,"featured_media":0,"parent":0,"menu_order":0,"comment_status":"closed","ping_status":"closed","template":"page-full-width.php","meta":{"_acf_changed":false,"_themeisle_gutenberg_block_has_review":false,"footnotes":""},"class_list":["post-16999","page","type-page","status-publish","hentry","no-featured"],"acf":[],"_links":{"self":[{"href":"https:\/\/biurokarier-test.wum.edu.pl\/en\/wp-json\/wp\/v2\/pages\/16999","targetHints":{"allow":["GET"]}}],"collection":[{"href":"https:\/\/biurokarier-test.wum.edu.pl\/en\/wp-json\/wp\/v2\/pages"}],"about":[{"href":"https:\/\/biurokarier-test.wum.edu.pl\/en\/wp-json\/wp\/v2\/types\/page"}],"author":[{"embeddable":true,"href":"https:\/\/biurokarier-test.wum.edu.pl\/en\/wp-json\/wp\/v2\/users\/4"}],"replies":[{"embeddable":true,"href":"https:\/\/biurokarier-test.wum.edu.pl\/en\/wp-json\/wp\/v2\/comments?post=16999"}],"version-history":[{"count":2,"href":"https:\/\/biurokarier-test.wum.edu.pl\/en\/wp-json\/wp\/v2\/pages\/16999\/revisions"}],"predecessor-version":[{"id":17001,"href":"https:\/\/biurokarier-test.wum.edu.pl\/en\/wp-json\/wp\/v2\/pages\/16999\/revisions\/17001"}],"wp:attachment":[{"href":"https:\/\/biurokarier-test.wum.edu.pl\/en\/wp-json\/wp\/v2\/media?parent=16999"}],"curies":[{"name":"wp","href":"https:\/\/api.w.org\/{rel}","templated":true}]}}