{"id":16614,"date":"2023-07-10T11:20:09","date_gmt":"2023-07-10T09:20:09","guid":{"rendered":"https:\/\/biurokarier-test.wum.edu.pl\/?page_id=16614"},"modified":"2023-07-10T11:27:31","modified_gmt":"2023-07-10T09:27:31","slug":"szkolenie_jakub","status":"publish","type":"page","link":"https:\/\/biurokarier-test.wum.edu.pl\/en\/szkolenie_jakub\/","title":{"rendered":"Szkolenie_Jakub"},"content":{"rendered":"<div class=\"wpb-content-wrapper\"><p>[vc_row parallax=&#8221;content-moving-fade&#8221; parallax_image=&#8221;16336&#8243; parallax_speed_bg=&#8221;1&#8243;][vc_column][vc_row_inner inner_container=&#8221;true&#8221; css=&#8221;.vc_custom_1684317885173{margin-top: 200px !important;margin-bottom: 120px !important;}&#8221; el_class=&#8221;bs-banner-row&#8221;][vc_column_inner el_class=&#8221;bs-transparent-column bs-light-text&#8221; width=&#8221;5\/12&#8243; css=&#8221;.vc_custom_1684316963870{padding-right: 40px !important;}&#8221;]        <div class=\"noo-heading-sc text-left\">\n                            <h2 class=\"noo-title-sc\">\n                    Sprawd\u017a nasz\u0105 ofert\u0119                <\/h2>\n            \n\t                        <p class=\"noo-subtitle-sc\">\n\t\t\t                        <\/p>\n\t                <\/div>\n        [vc_column_text]<span class=\"NormalTextRun SCXW72334442 BCX0\">We <\/span><span class=\"NormalTextRun SpellingErrorV2Themed SCXW72334442 BCX0\">offer<\/span><span class=\"NormalTextRun SCXW72334442 BCX0\"> a <\/span><span class=\"NormalTextRun SpellingErrorV2Themed SCXW72334442 BCX0\">wide<\/span> <span class=\"NormalTextRun SpellingErrorV2Themed SCXW72334442 BCX0\">range<\/span><span class=\"NormalTextRun SCXW72334442 BCX0\"> of <\/span><span class=\"NormalTextRun SpellingErrorV2Themed SCXW72334442 BCX0\">professional<\/span> <span class=\"NormalTextRun SpellingErrorV2Themed SCXW72334442 BCX0\">consultations<\/span><span class=\"NormalTextRun SCXW72334442 BCX0\">. <\/span><span class=\"NormalTextRun SpellingErrorV2Themed SCXW72334442 BCX0\">Students<\/span> <span class=\"NormalTextRun SpellingErrorV2Themed SCXW72334442 BCX0\">can<\/span> <span class=\"NormalTextRun SpellingErrorV2Themed SCXW72334442 BCX0\">sign<\/span> <span class=\"NormalTextRun SpellingErrorV2Themed SCXW72334442 BCX0\">up<\/span><span class=\"NormalTextRun SCXW72334442 BCX0\"> for <\/span><span class=\"NormalTextRun SpellingErrorV2Themed SCXW72334442 BCX0\">professional<\/span><span class=\"NormalTextRun SCXW72334442 BCX0\"> and <\/span><span class=\"NormalTextRun SpellingErrorV2Themed SCXW72334442 BCX0\">psychological<\/span> <span class=\"NormalTextRun SpellingErrorV2Themed SCXW72334442 BCX0\">consultations<\/span><span class=\"NormalTextRun SCXW72334442 BCX0\"> and coaching.<\/span>[\/vc_column_text][vc_btn title=&#8221;Zarejestruj si\u0119&#8221; style=&#8221;classic&#8221; shape=&#8221;square&#8221; color=&#8221;white&#8221;][\/vc_column_inner][vc_column_inner width=&#8221;7\/12&#8243;][\/vc_column_inner][\/vc_row_inner][\/vc_column][\/vc_row][vc_row parallax=&#8221;content-moving-fade&#8221; parallax_image=&#8221;15171&#8243; parallax_speed_bg=&#8221;1&#8243;][vc_column][vc_row_inner inner_container=&#8221;true&#8221; css=&#8221;.vc_custom_1684317885173{margin-top: 200px !important;margin-bottom: 120px !important;}&#8221; el_class=&#8221;bs-banner-row&#8221;][vc_column_inner el_class=&#8221;bs-transparent-column bs-light-text&#8221; width=&#8221;5\/12&#8243; css=&#8221;.vc_custom_1684316963870{padding-right: 40px !important;}&#8221;]        <div class=\"noo-heading-sc text-left\">\n                            <h2 class=\"noo-title-sc\">\n                    Wspieramy Twoj\u0105 karier\u0119                <\/h2>\n            \n\t                        <p class=\"noo-subtitle-sc\">\n\t\t\t                        <\/p>\n\t                <\/div>\n        [vc_column_text]Oferty pracy, praktyk czy sta\u017cy. Informacje o ciekawych wydarzeniach. Mo\u017cliwo\u015b\u0107 zapisania si\u0119 na konsultacje z doradz\u0105 zawodowym. To wszystko i wi\u0119cej czeka na Ciebie![\/vc_column_text][vc_btn title=&#8221;Zarejestruj si\u0119&#8221; style=&#8221;classic&#8221; shape=&#8221;square&#8221; color=&#8221;white&#8221;][\/vc_column_inner][vc_column_inner width=&#8221;7\/12&#8243;][\/vc_column_inner][\/vc_row_inner][\/vc_column][\/vc_row][vc_row inner_container=&#8221;true&#8221; el_class=&#8221;bs-row-line&#8221;][vc_column width=&#8221;1\/3&#8243;][vc_single_image image=&#8221;14965&#8243; alignment=&#8221;center&#8221;][vc_separator border_width=&#8221;6&#8243; color=&#8221;#009ad5&#8243; thickness=&#8221;6&#8243; space_before=&#8221;30&#8243; space_after=&#8221;8&#8243; class=&#8221;bs-icon-spacer&#8221;][vc_custom_heading text=&#8221;Kursy, szkolenia i warsztaty&#8221; font_container=&#8221;tag:h3|text_align:center&#8221; use_theme_fonts=&#8221;yes&#8221; el_class=&#8221;bs-icon-header&#8221;][\/vc_column][vc_column width=&#8221;1\/3&#8243;][vc_single_image image=&#8221;14963&#8243; alignment=&#8221;center&#8221;][vc_separator border_width=&#8221;6&#8243; color=&#8221;#009ad5&#8243; thickness=&#8221;6&#8243; space_before=&#8221;30&#8243; space_after=&#8221;8&#8243; class=&#8221;bs-icon-spacer&#8221;][vc_custom_heading text=&#8221;Doradztwo i coaching&#8221; font_container=&#8221;tag:h3|text_align:center&#8221; use_theme_fonts=&#8221;yes&#8221; el_class=&#8221;bs-icon-header&#8221;][\/vc_column][vc_column width=&#8221;1\/3&#8243;][vc_single_image image=&#8221;14967&#8243; alignment=&#8221;center&#8221;][vc_separator border_width=&#8221;6&#8243; color=&#8221;#009ad5&#8243; thickness=&#8221;6&#8243; space_before=&#8221;30&#8243; space_after=&#8221;8&#8243; class=&#8221;bs-icon-spacer&#8221;][vc_custom_heading text=&#8221;Oferty pracy&#8221; font_container=&#8221;tag:h3|text_align:center&#8221; use_theme_fonts=&#8221;yes&#8221; el_class=&#8221;bs-icon-header&#8221;][\/vc_column][\/vc_row][vc_row inner_container=&#8221;true&#8221;][vc_column][vc_btn title=&#8221;Kontakt&#8221; link=&#8221;url:https%3A%2F%2Fbiurokarier-test.wum.edu.pl%2Fkontakt%2F&#8221;][\/vc_column][\/vc_row][vc_row inner_container=&#8221;true&#8221; el_class=&#8221;bs-row-line&#8221;][vc_column width=&#8221;1\/3&#8243;][vc_single_image image=&#8221;16422&#8243; img_size=&#8221;medium&#8221; alignment=&#8221;center&#8221;][vc_separator border_width=&#8221;6&#8243; color=&#8221;#009ad5&#8243; thickness=&#8221;6&#8243; space_before=&#8221;30&#8243; space_after=&#8221;8&#8243; class=&#8221;bs-icon-spacer&#8221;][vc_custom_heading text=&#8221;Oferty pracy&#8221; font_container=&#8221;tag:h3|text_align:center&#8221; use_theme_fonts=&#8221;yes&#8221; el_class=&#8221;bs-icon-header&#8221;][\/vc_column][vc_column width=&#8221;1\/3&#8243;][vc_single_image image=&#8221;15012&#8243; img_size=&#8221;medium&#8221; alignment=&#8221;center&#8221;][vc_separator border_width=&#8221;6&#8243; color=&#8221;#009ad5&#8243; thickness=&#8221;6&#8243; space_before=&#8221;30&#8243; space_after=&#8221;8&#8243; class=&#8221;bs-icon-spacer&#8221;][vc_custom_heading text=&#8221;Doradztwo i coaching&#8221; font_container=&#8221;tag:h3|text_align:center&#8221; use_theme_fonts=&#8221;yes&#8221; el_class=&#8221;bs-icon-header&#8221;][\/vc_column][vc_column width=&#8221;1\/3&#8243;][vc_single_image image=&#8221;16424&#8243; img_size=&#8221;medium&#8221; alignment=&#8221;center&#8221;][vc_separator border_width=&#8221;6&#8243; color=&#8221;#009ad5&#8243; thickness=&#8221;6&#8243; space_before=&#8221;30&#8243; space_after=&#8221;8&#8243; class=&#8221;bs-icon-spacer&#8221;][vc_custom_heading text=&#8221;Kursy, szkolenia i warsztaty&#8221; font_container=&#8221;tag:h3|text_align:center&#8221; use_theme_fonts=&#8221;yes&#8221; el_class=&#8221;bs-icon-header&#8221;][\/vc_column][\/vc_row][vc_row el_class=&#8221;bs-offset-block&#8221;][vc_column][vc_row_inner inner_container=&#8221;true&#8221;][vc_column_inner el_class=&#8221;bs-offset-photo&#8221; width=&#8221;7\/12&#8243;][vc_single_image image=&#8221;15902&#8243; img_size=&#8221;large&#8221;][\/vc_column_inner][vc_column_inner el_class=&#8221;bs-offset-column bs-light-text&#8221; width=&#8221;5\/12&#8243;]        <div class=\"noo-heading-sc text-left\">\n                            <h2 class=\"noo-title-sc\">\n                    Dodatkowy blok                <\/h2>\n            \n\t                        <p class=\"noo-subtitle-sc\">\n\t\t\t                        <\/p>\n\t                <\/div>\n        [vc_column_text]<span class=\"NormalTextRun SCXW155543376 BCX0\">Pracodawcy<\/span><span class=\"NormalTextRun SCXW155543376 BCX0\"> zamieszczaj\u0105 wiele ofert pracy. Zapraszamy do skorzystania z naszej wyszukiwarki, aby <\/span><span class=\"NormalTextRun SCXW155543376 BCX0\">wyszuka\u0107 idealnie dopasowan\u0105 ofert\u0119!\u00a0<\/span>[\/vc_column_text][vc_btn title=&#8221;Sprawd\u017a oferty&#8221; style=&#8221;classic&#8221; shape=&#8221;square&#8221; color=&#8221;default&#8221; link=&#8221;url:https%3A%2F%2Fbiurokarier-test.wum.edu.pl%2Foferty-pracy%2F&#8221;][\/vc_column_inner][\/vc_row_inner][\/vc_column][\/vc_row][vc_row][vc_column][\/vc_column][\/vc_row][vc_row inner_container=&#8221;true&#8221;][vc_column][vc_tta_tour color=&#8221;white&#8221; active_section=&#8221;1&#8243;][vc_tta_section title=&#8221;Oferty pracy&#8221; tab_id=&#8221;1688029898619-1e4144ce-38bd&#8221;][vc_column_text]<span class=\"TextRun SCXW190471372 BCX0\" lang=\"PL-PL\" xml:lang=\"PL-PL\" data-contrast=\"none\"><span class=\"NormalTextRun SCXW190471372 BCX0\">Zapraszamy do wsp\u00f3\u0142pracy pracodawc\u00f3w z bran\u017cy medyczno-farmaceutycznej. Dzi\u0119ki naszemu wsparciu mog\u0105 Pa\u0144stwo w szybki i efektywny spos\u00f3b dotrze\u0107 do \u015brodowiska studenckiego i absolwenckiego Warszawskiego Uniwersytetu Medycznego.<\/span><\/span><span class=\"EOP SCXW190471372 BCX0\" data-ccp-props=\"{&quot;201341983&quot;:0,&quot;335551550&quot;:6,&quot;335551620&quot;:6,&quot;335559739&quot;:160,&quot;335559740&quot;:259}\">\u00a0<\/span>[\/vc_column_text][\/vc_tta_section][vc_tta_section title=&#8221;Targi Pracy&#8221; tab_id=&#8221;1688030104936-876f0290-619d&#8221;][vc_column_text]<span class=\"TextRun SCXW132497338 BCX0\" lang=\"PL-PL\" xml:lang=\"PL-PL\" data-contrast=\"none\"><span class=\"NormalTextRun SCXW132497338 BCX0\">Targi pracy to niesamowita okazja do spotka\u0144 pracodawc\u00f3w z bran\u017cy medycznej ze studentami i absolwentami Warszawskiego Uniwersytetu Medycznego.<\/span><\/span><span class=\"EOP SCXW132497338 BCX0\" data-ccp-props=\"{&quot;201341983&quot;:0,&quot;335551550&quot;:6,&quot;335551620&quot;:6,&quot;335559739&quot;:160,&quot;335559740&quot;:259}\">\u00a0<\/span>[\/vc_column_text][vc_single_image image=&#8221;16466&#8243;][\/vc_tta_section][vc_tta_section title=&#8221;Tytu\u0142 zak\u0142adki&#8221; tab_id=&#8221;1688030104341-6814013f-8f27&#8243;][vc_column_text]<\/p>\n<p class=\"rtecenter\" style=\"text-align: left;\" align=\"center\">Tekst zak\u0142adki<\/p>\n<p>[\/vc_column_text][\/vc_tta_section][vc_tta_section title=&#8221;Tytu\u0142 zak\u0142adki&#8221; tab_id=&#8221;1688041791337-9e123b90-1967&#8243;][vc_column_text]<\/p>\n<p class=\"rtecenter\" style=\"text-align: left;\" align=\"center\">Tekst zak\u0142adki<\/p>\n<p>[\/vc_column_text][\/vc_tta_section][\/vc_tta_tour][\/vc_column][\/vc_row][vc_row inner_container=&#8221;true&#8221;][vc_column][vc_column_text]<span class=\"TextRun SCXW32833746 BCX0\" lang=\"PL-PL\" xml:lang=\"PL-PL\" data-contrast=\"none\"><span class=\"NormalTextRun SCXW32833746 BCX0\">Chcesz zaplanowa\u0107 rozw\u00f3j zawodowy z uwzgl\u0119dnieniem cech temperamentu i osobowo\u015bci? Jeste\u015b zainteresowana\/-y wsparciem w odkrywaniu swojego potencja\u0142u psychologicznego? Potrzebujesz rozmowy dotycz\u0105cej radzenia sobie ze stresem, zarz\u0105dzania sob\u0105 w czasie, autoprezentacji, funkcjonowania w zespole itp.? Zapisz si\u0119 na konsultacje psychologiczne!<\/span><\/span><span class=\"LineBreakBlob BlobObject DragDrop SCXW32833746 BCX0\"><span class=\"SCXW32833746 BCX0\">\u00a0<\/span><br class=\"SCXW32833746 BCX0\" \/><\/span><img loading=\"lazy\" decoding=\"async\" class=\"alignnone size-medium wp-image-15006\" src=\"https:\/\/biurokarier-test.wum.edu.pl\/wp-content\/uploads\/2023\/05\/Rectangle-85-300x155.jpg\" alt=\"pracuj\u0105ce osoby\" width=\"300\" height=\"155\" srcset=\"https:\/\/biurokarier-test.wum.edu.pl\/wp-content\/uploads\/2023\/05\/Rectangle-85-300x155.jpg 300w, https:\/\/biurokarier-test.wum.edu.pl\/wp-content\/uploads\/2023\/05\/Rectangle-85-200x103.jpg 200w, https:\/\/biurokarier-test.wum.edu.pl\/wp-content\/uploads\/2023\/05\/Rectangle-85-100x52.jpg 100w, https:\/\/biurokarier-test.wum.edu.pl\/wp-content\/uploads\/2023\/05\/Rectangle-85.jpg 344w\" sizes=\"auto, (max-width: 300px) 100vw, 300px\" \/>[\/vc_column_text][vc_single_image image=&#8221;15634&#8243; img_size=&#8221;medium&#8221; alignment=&#8221;center&#8221;][\/vc_column][\/vc_row][vc_row][vc_column][vc_gallery interval=&#8221;3&#8243; images=&#8221;16248,16481,15616&#8243; img_size=&#8221;full&#8221;][\/vc_column][\/vc_row]<\/p>\n<\/div>","protected":false},"excerpt":{"rendered":"<p>[vc_row parallax=&#8221;content-moving-fade&#8221; parallax_image=&#8221;16336&#8243; parallax_speed_bg=&#8221;1&#8243;][vc_column][vc_row_inner inner_container=&#8221;true&#8221; css=&#8221;.vc_custom_1684317885173{margin-top: 200px !important;margin-bottom: 120px !important;}&#8221; el_class=&#8221;bs-banner-row&#8221;][vc_column_inner el_class=&#8221;bs-transparent-column bs-light-text&#8221; width=&#8221;5\/12&#8243; css=&#8221;.vc_custom_1684316963870{padding-right: 40px !important;}&#8221;][vc_column_text]We offer a wide range of professional consultations. Students can sign up for professional<\/p>\n","protected":false},"author":132,"featured_media":0,"parent":0,"menu_order":0,"comment_status":"closed","ping_status":"closed","template":"page-full-width.php","meta":{"_acf_changed":false,"_themeisle_gutenberg_block_has_review":false,"footnotes":""},"class_list":["post-16614","page","type-page","status-publish","hentry","no-featured"],"acf":[],"_links":{"self":[{"href":"https:\/\/biurokarier-test.wum.edu.pl\/en\/wp-json\/wp\/v2\/pages\/16614","targetHints":{"allow":["GET"]}}],"collection":[{"href":"https:\/\/biurokarier-test.wum.edu.pl\/en\/wp-json\/wp\/v2\/pages"}],"about":[{"href":"https:\/\/biurokarier-test.wum.edu.pl\/en\/wp-json\/wp\/v2\/types\/page"}],"author":[{"embeddable":true,"href":"https:\/\/biurokarier-test.wum.edu.pl\/en\/wp-json\/wp\/v2\/users\/132"}],"replies":[{"embeddable":true,"href":"https:\/\/biurokarier-test.wum.edu.pl\/en\/wp-json\/wp\/v2\/comments?post=16614"}],"version-history":[{"count":2,"href":"https:\/\/biurokarier-test.wum.edu.pl\/en\/wp-json\/wp\/v2\/pages\/16614\/revisions"}],"predecessor-version":[{"id":16616,"href":"https:\/\/biurokarier-test.wum.edu.pl\/en\/wp-json\/wp\/v2\/pages\/16614\/revisions\/16616"}],"wp:attachment":[{"href":"https:\/\/biurokarier-test.wum.edu.pl\/en\/wp-json\/wp\/v2\/media?parent=16614"}],"curies":[{"name":"wp","href":"https:\/\/api.w.org\/{rel}","templated":true}]}}