{"id":16610,"date":"2023-07-10T11:13:32","date_gmt":"2023-07-10T09:13:32","guid":{"rendered":"https:\/\/biurokarier-test.wum.edu.pl\/?page_id=16610"},"modified":"2023-07-10T11:28:44","modified_gmt":"2023-07-10T09:28:44","slug":"strona-szkoleniowa-dorota","status":"publish","type":"page","link":"https:\/\/biurokarier-test.wum.edu.pl\/en\/strona-szkoleniowa-dorota\/","title":{"rendered":"Strona szkoleniowa-Dorota"},"content":{"rendered":"<div class=\"wpb-content-wrapper\"><p>[vc_row parallax=&#8221;content-moving-fade&#8221; parallax_image=&#8221;16336&#8243; parallax_speed_bg=&#8221;1&#8243;][vc_column][vc_row_inner inner_container=&#8221;true&#8221; css=&#8221;.vc_custom_1684317885173{margin-top: 200px !important;margin-bottom: 120px !important;}&#8221; el_class=&#8221;bs-banner-row&#8221;][vc_column_inner el_class=&#8221;bs-transparent-column bs-light-text&#8221; width=&#8221;5\/12&#8243; css=&#8221;.vc_custom_1684316963870{padding-right: 40px !important;}&#8221;]        <div class=\"noo-heading-sc text-left\">\n                            <h2 class=\"noo-title-sc\">\n                    Jeste\u015bmy z Wami !!                <\/h2>\n            \n\t                        <p class=\"noo-subtitle-sc\">\n\t\t\t                        <\/p>\n\t                <\/div>\n        [vc_column_text]<span class=\"TextRun SCXW200252591 BCX0\" lang=\"PL-PL\" xml:lang=\"PL-PL\" data-contrast=\"none\"><span class=\"NormalTextRun SCXW200252591 BCX0\">We <\/span><span class=\"NormalTextRun SpellingErrorV2Themed SCXW200252591 BCX0\">offer<\/span><span class=\"NormalTextRun SCXW200252591 BCX0\"> a <\/span><span class=\"NormalTextRun SpellingErrorV2Themed SCXW200252591 BCX0\">wide<\/span> <span class=\"NormalTextRun SpellingErrorV2Themed SCXW200252591 BCX0\">range<\/span><span class=\"NormalTextRun SCXW200252591 BCX0\"> of <\/span><span class=\"NormalTextRun SpellingErrorV2Themed SCXW200252591 BCX0\">professional<\/span> <span class=\"NormalTextRun SpellingErrorV2Themed SCXW200252591 BCX0\">consultations<\/span><span class=\"NormalTextRun SCXW200252591 BCX0\">. <\/span><span class=\"NormalTextRun SpellingErrorV2Themed SCXW200252591 BCX0\">Students<\/span> <span class=\"NormalTextRun SpellingErrorV2Themed SCXW200252591 BCX0\">can<\/span> <span class=\"NormalTextRun SpellingErrorV2Themed SCXW200252591 BCX0\">sign<\/span> <span class=\"NormalTextRun SpellingErrorV2Themed SCXW200252591 BCX0\">up<\/span><span class=\"NormalTextRun SCXW200252591 BCX0\"> for <\/span><span class=\"NormalTextRun SpellingErrorV2Themed SCXW200252591 BCX0\">professional<\/span><span class=\"NormalTextRun SCXW200252591 BCX0\"> and <\/span><span class=\"NormalTextRun SpellingErrorV2Themed SCXW200252591 BCX0\">psychological<\/span> <span class=\"NormalTextRun SpellingErrorV2Themed SCXW200252591 BCX0\">consultations<\/span><span class=\"NormalTextRun SCXW200252591 BCX0\"> and coaching<\/span><\/span><span class=\"EOP SCXW200252591 BCX0\" data-ccp-props=\"{&quot;201341983&quot;:0,&quot;335551550&quot;:6,&quot;335551620&quot;:6,&quot;335559739&quot;:160,&quot;335559740&quot;:259}\">\u00a0<\/span>[\/vc_column_text][vc_btn title=&#8221;Zarejestruj si\u0119&#8221; style=&#8221;classic&#8221; shape=&#8221;square&#8221; color=&#8221;white&#8221; link=&#8221;url:https%3A%2F%2Fbiurokarier-test.wum.edu.pl%2Fkonsultacje%2F&#8221;][\/vc_column_inner][vc_column_inner width=&#8221;7\/12&#8243;][\/vc_column_inner][\/vc_row_inner][\/vc_column][\/vc_row][vc_row inner_container=&#8221;true&#8221;][vc_column][vc_column_text]I am text block. Click edit button to change this text. Lorem ipsum dolor sit amet, consectetur adipiscing elit. Ut elit tellus, luctus nec ullamcorper mattis, pulvinar dapibus leo. I am text block. Click edit button to change this text. Lorem ipsum dolor sit amet, consectetur adipiscing elit. Ut elit tellus, luctus nec ullamcorper mattis, pulvinar dapibus leo.<\/p>\n<p><img loading=\"lazy\" decoding=\"async\" class=\"alignnone size-medium wp-image-16248\" src=\"https:\/\/biurokarier-test.wum.edu.pl\/wp-content\/uploads\/2023\/07\/hands-g75d2821da_1920-300x200.jpg\" alt=\"d\u0142onie dzieci\" width=\"300\" height=\"200\" srcset=\"https:\/\/biurokarier-test.wum.edu.pl\/wp-content\/uploads\/2023\/07\/hands-g75d2821da_1920-300x200.jpg 300w, https:\/\/biurokarier-test.wum.edu.pl\/wp-content\/uploads\/2023\/07\/hands-g75d2821da_1920-1024x683.jpg 1024w, https:\/\/biurokarier-test.wum.edu.pl\/wp-content\/uploads\/2023\/07\/hands-g75d2821da_1920-768x512.jpg 768w, https:\/\/biurokarier-test.wum.edu.pl\/wp-content\/uploads\/2023\/07\/hands-g75d2821da_1920-391x260.jpg 391w, https:\/\/biurokarier-test.wum.edu.pl\/wp-content\/uploads\/2023\/07\/hands-g75d2821da_1920-200x133.jpg 200w, https:\/\/biurokarier-test.wum.edu.pl\/wp-content\/uploads\/2023\/07\/hands-g75d2821da_1920-100x67.jpg 100w, https:\/\/biurokarier-test.wum.edu.pl\/wp-content\/uploads\/2023\/07\/hands-g75d2821da_1920.jpg 1200w\" sizes=\"auto, (max-width: 300px) 100vw, 300px\" \/>[\/vc_column_text][vc_single_image image=&#8221;16179&#8243; img_size=&#8221;large&#8221; alignment=&#8221;center&#8221;][vc_btn title=&#8221;Przycisk&#8221; link=&#8221;url:https%3A%2F%2Fbiurokarier-test.wum.edu.pl%2Fkontakt%2F%20&#8243;][\/vc_column][\/vc_row][vc_row inner_container=&#8221;true&#8221; el_class=&#8221;bs-row-line&#8221;][vc_column width=&#8221;1\/3&#8243;][vc_single_image image=&#8221;16150&#8243; alignment=&#8221;center&#8221;][vc_separator border_width=&#8221;6&#8243; color=&#8221;#009ad5&#8243; thickness=&#8221;6&#8243; space_before=&#8221;30&#8243; space_after=&#8221;8&#8243; class=&#8221;bs-icon-spacer&#8221;][vc_custom_heading text=&#8221;Baza Ofert Pracy&#8221; font_container=&#8221;tag:h3|text_align:center&#8221; use_theme_fonts=&#8221;yes&#8221; el_class=&#8221;bs-icon-header&#8221;][\/vc_column][vc_column width=&#8221;1\/3&#8243;][vc_single_image image=&#8221;14963&#8243; alignment=&#8221;center&#8221;][vc_separator border_width=&#8221;6&#8243; color=&#8221;#009ad5&#8243; thickness=&#8221;6&#8243; space_before=&#8221;30&#8243; space_after=&#8221;8&#8243; class=&#8221;bs-icon-spacer&#8221;][vc_custom_heading text=&#8221;Doradztwo i coaching&#8221; font_container=&#8221;tag:h3|text_align:center&#8221; use_theme_fonts=&#8221;yes&#8221; el_class=&#8221;bs-icon-header&#8221;][\/vc_column][vc_column width=&#8221;1\/3&#8243;][vc_single_image image=&#8221;14965&#8243; alignment=&#8221;center&#8221;][vc_separator border_width=&#8221;6&#8243; color=&#8221;#009ad5&#8243; thickness=&#8221;6&#8243; space_before=&#8221;30&#8243; space_after=&#8221;8&#8243; class=&#8221;bs-icon-spacer&#8221;][vc_custom_heading text=&#8221;Kursy, szkolenia i warsztaty&#8221; font_container=&#8221;tag:h3|text_align:center&#8221; use_theme_fonts=&#8221;yes&#8221; el_class=&#8221;bs-icon-header&#8221;][\/vc_column][\/vc_row][vc_row inner_container=&#8221;true&#8221; el_class=&#8221;bs-row-line&#8221;][vc_column width=&#8221;1\/3&#8243;][vc_single_image image=&#8221;16466&#8243; img_size=&#8221;medium&#8221; alignment=&#8221;center&#8221;][vc_separator border_width=&#8221;6&#8243; color=&#8221;#009ad5&#8243; thickness=&#8221;6&#8243; space_before=&#8221;30&#8243; space_after=&#8221;8&#8243; class=&#8221;bs-icon-spacer&#8221;][vc_custom_heading text=&#8221;Oferty pracy&#8221; font_container=&#8221;tag:h3|text_align:center&#8221; use_theme_fonts=&#8221;yes&#8221; el_class=&#8221;bs-icon-header&#8221;][\/vc_column][vc_column width=&#8221;1\/3&#8243;][vc_single_image image=&#8221;15012&#8243; img_size=&#8221;medium&#8221; alignment=&#8221;center&#8221;][vc_separator border_width=&#8221;6&#8243; color=&#8221;#009ad5&#8243; thickness=&#8221;6&#8243; space_before=&#8221;30&#8243; space_after=&#8221;8&#8243; class=&#8221;bs-icon-spacer&#8221;][vc_custom_heading text=&#8221;Doradztwo i coaching&#8221; font_container=&#8221;tag:h3|text_align:center&#8221; use_theme_fonts=&#8221;yes&#8221; el_class=&#8221;bs-icon-header&#8221;][\/vc_column][vc_column width=&#8221;1\/3&#8243;][vc_single_image image=&#8221;16424&#8243; img_size=&#8221;medium&#8221; alignment=&#8221;center&#8221;][vc_separator border_width=&#8221;6&#8243; color=&#8221;#009ad5&#8243; thickness=&#8221;6&#8243; space_before=&#8221;30&#8243; space_after=&#8221;8&#8243; class=&#8221;bs-icon-spacer&#8221;][vc_custom_heading text=&#8221;Kursy, szkolenia i warsztaty&#8221; font_container=&#8221;tag:h3|text_align:center&#8221; use_theme_fonts=&#8221;yes&#8221; el_class=&#8221;bs-icon-header&#8221;][\/vc_column][\/vc_row][vc_row el_class=&#8221;bs-offset-block&#8221;][vc_column][vc_row_inner inner_container=&#8221;true&#8221;][vc_column_inner el_class=&#8221;bs-offset-photo&#8221; width=&#8221;7\/12&#8243;][vc_single_image image=&#8221;16466&#8243; img_size=&#8221;large&#8221;][\/vc_column_inner][vc_column_inner el_class=&#8221;bs-offset-column bs-light-text&#8221; width=&#8221;5\/12&#8243;]        <div class=\"noo-heading-sc text-left\">\n                            <h2 class=\"noo-title-sc\">\n                    Medyczne Targi Pracy                <\/h2>\n            \n\t                        <p class=\"noo-subtitle-sc\">\n\t\t\t                        <\/p>\n\t                <\/div>\n        [vc_column_text]Szukasz nowych wyzwa\u0144 zawodowych? Zapraszamy na nasze Targi Pracy w 2024 roku. Oferujemy szeroki wyb\u00f3r ofert, kt\u00f3ry pomo\u017ce wkroczy\u0107 na \u015bcie\u017ck\u0119 kariery &#8211; znajd\u017a idealne stanowisko dopasowane do Twoich umiej\u0119tno\u015bci i preferencji. Wyjd\u017a z pakietem ofert dla Ciebie[\/vc_column_text][vc_btn title=&#8221;Przejd\u017a do strony&#8221; style=&#8221;classic&#8221; shape=&#8221;square&#8221;][\/vc_column_inner][\/vc_row_inner][\/vc_column][\/vc_row][vc_row inner_container=&#8221;true&#8221;][vc_column][vc_tta_tour color=&#8221;white&#8221; active_section=&#8221;1&#8243;][vc_tta_section title=&#8221;oferty pracy&#8221; tab_id=&#8221;1688029898619-1e4144ce-38bd&#8221;][vc_column_text]Tekst zak\u0142adki[\/vc_column_text][\/vc_tta_section][vc_tta_section title=&#8221;Targi Pracy&#8221; tab_id=&#8221;1688030104936-876f0290-619d&#8221;][vc_column_text]<\/p>\n<p class=\"rtecenter\" style=\"text-align: left;\" align=\"center\">Tekst zak\u0142adki tekst zak\u0142adki<\/p>\n<p>[\/vc_column_text][\/vc_tta_section][vc_tta_section title=&#8221;Tytu\u0142 zak\u0142adki&#8221; tab_id=&#8221;1688030104341-6814013f-8f27&#8243;][vc_single_image image=&#8221;16422&#8243;][vc_column_text]<\/p>\n<p class=\"rtecenter\" style=\"text-align: left;\" align=\"center\">Tekst zak\u0142adki<\/p>\n<p>[\/vc_column_text][\/vc_tta_section][vc_tta_section title=&#8221;Tytu\u0142 zak\u0142adki&#8221; tab_id=&#8221;1688041791337-9e123b90-1967&#8243;][vc_column_text]<\/p>\n<p class=\"rtecenter\" style=\"text-align: left;\" align=\"center\">Tekst zak\u0142adki<\/p>\n<p>[\/vc_column_text][\/vc_tta_section][\/vc_tta_tour][\/vc_column][\/vc_row][vc_row][vc_column][vc_gallery interval=&#8221;3&#8243; images=&#8221;15898,15896,15894&#8243; img_size=&#8221;full&#8221;][\/vc_column][\/vc_row]<\/p>\n<\/div>","protected":false},"excerpt":{"rendered":"<p>[vc_row parallax=&#8221;content-moving-fade&#8221; parallax_image=&#8221;16336&#8243; parallax_speed_bg=&#8221;1&#8243;][vc_column][vc_row_inner inner_container=&#8221;true&#8221; css=&#8221;.vc_custom_1684317885173{margin-top: 200px !important;margin-bottom: 120px !important;}&#8221; el_class=&#8221;bs-banner-row&#8221;][vc_column_inner el_class=&#8221;bs-transparent-column bs-light-text&#8221; width=&#8221;5\/12&#8243; css=&#8221;.vc_custom_1684316963870{padding-right: 40px !important;}&#8221;][vc_column_text]We offer a wide range of professional consultations. Students can sign up for professional<\/p>\n","protected":false},"author":130,"featured_media":0,"parent":0,"menu_order":0,"comment_status":"closed","ping_status":"closed","template":"page-full-width.php","meta":{"_acf_changed":false,"_themeisle_gutenberg_block_has_review":false,"footnotes":""},"class_list":["post-16610","page","type-page","status-publish","hentry","no-featured"],"acf":[],"_links":{"self":[{"href":"https:\/\/biurokarier-test.wum.edu.pl\/en\/wp-json\/wp\/v2\/pages\/16610","targetHints":{"allow":["GET"]}}],"collection":[{"href":"https:\/\/biurokarier-test.wum.edu.pl\/en\/wp-json\/wp\/v2\/pages"}],"about":[{"href":"https:\/\/biurokarier-test.wum.edu.pl\/en\/wp-json\/wp\/v2\/types\/page"}],"author":[{"embeddable":true,"href":"https:\/\/biurokarier-test.wum.edu.pl\/en\/wp-json\/wp\/v2\/users\/130"}],"replies":[{"embeddable":true,"href":"https:\/\/biurokarier-test.wum.edu.pl\/en\/wp-json\/wp\/v2\/comments?post=16610"}],"version-history":[{"count":2,"href":"https:\/\/biurokarier-test.wum.edu.pl\/en\/wp-json\/wp\/v2\/pages\/16610\/revisions"}],"predecessor-version":[{"id":16617,"href":"https:\/\/biurokarier-test.wum.edu.pl\/en\/wp-json\/wp\/v2\/pages\/16610\/revisions\/16617"}],"wp:attachment":[{"href":"https:\/\/biurokarier-test.wum.edu.pl\/en\/wp-json\/wp\/v2\/media?parent=16610"}],"curies":[{"name":"wp","href":"https:\/\/api.w.org\/{rel}","templated":true}]}}