{"id":13507,"date":"2018-03-03T03:28:23","date_gmt":"2018-03-03T02:28:23","guid":{"rendered":"https:\/\/biurokarier-test.wum.edu.pl\/recruitment-home\/"},"modified":"2023-07-18T14:04:12","modified_gmt":"2023-07-18T12:04:12","slug":"recruitment-home","status":"publish","type":"page","link":"https:\/\/biurokarier-test.wum.edu.pl\/en\/","title":{"rendered":"Strona g\u0142\u00f3wna"},"content":{"rendered":"<div class=\"wpb-content-wrapper\"><p>[vc_row parallax=&#8221;content-moving-fade&#8221; parallax_image=&#8221;16801&#8243; parallax_speed_bg=&#8221;1&#8243; el_class=&#8221;bs-baner-linear&#8221;][vc_column][vc_row_inner inner_container=&#8221;true&#8221; css=&#8221;.vc_custom_1684317885173{margin-top: 200px !important;margin-bottom: 120px !important;}&#8221; el_class=&#8221;bs-banner-row&#8221;][vc_column_inner el_class=&#8221;bs-transparent-column bs-light-text&#8221; width=&#8221;5\/12&#8243; css=&#8221;.vc_custom_1684316963870{padding-right: 40px !important;}&#8221;]        <div class=\"noo-heading-sc text-left\">\n                            <h2 class=\"noo-title-sc\">\n                    Wspieramy Twoj\u0105 karier\u0119                <\/h2>\n            \n\t                        <p class=\"noo-subtitle-sc\">\n\t\t\t                        <\/p>\n\t                <\/div>\n        [vc_column_text]Oferty pracy, praktyk czy sta\u017cy. Informacje o ciekawych wydarzeniach. Mo\u017cliwo\u015b\u0107 zapisania si\u0119 na konsultacje z doradz\u0105 zawodowym. To wszystko i wi\u0119cej czeka na Ciebie![\/vc_column_text][vc_btn title=&#8221;Zarejestruj si\u0119&#8221; style=&#8221;classic&#8221; shape=&#8221;square&#8221; color=&#8221;white&#8221;][\/vc_column_inner][vc_column_inner width=&#8221;7\/12&#8243;][\/vc_column_inner][\/vc_row_inner][\/vc_column][\/vc_row][vc_row inner_container=&#8221;true&#8221; el_class=&#8221;bs-row-line&#8221;][vc_column width=&#8221;1\/3&#8243;][vc_single_image image=&#8221;14967&#8243; alignment=&#8221;center&#8221; onclick=&#8221;custom_link&#8221; link=&#8221;\/jobs-page\/&#8221;][vc_separator border_width=&#8221;6&#8243; color=&#8221;#009ad5&#8243; thickness=&#8221;6&#8243; space_before=&#8221;30&#8243; space_after=&#8221;8&#8243; class=&#8221;bs-icon-spacer&#8221;][vc_custom_heading text=&#8221;Oferty pracy&#8221; font_container=&#8221;tag:h3|text_align:center&#8221; use_theme_fonts=&#8221;yes&#8221; el_class=&#8221;bs-icon-header&#8221;][\/vc_column][vc_column width=&#8221;1\/3&#8243;][vc_single_image image=&#8221;14963&#8243; alignment=&#8221;center&#8221; onclick=&#8221;custom_link&#8221; link=&#8221;https:\/\/biurokarier-test.wum.edu.pl\/konsultacje\/&#8221;][vc_separator border_width=&#8221;6&#8243; color=&#8221;#009ad5&#8243; thickness=&#8221;6&#8243; space_before=&#8221;30&#8243; space_after=&#8221;8&#8243; class=&#8221;bs-icon-spacer&#8221;][vc_custom_heading text=&#8221;Doradztwo i coaching&#8221; font_container=&#8221;tag:h3|text_align:center&#8221; use_theme_fonts=&#8221;yes&#8221; el_class=&#8221;bs-icon-header&#8221;][\/vc_column][vc_column width=&#8221;1\/3&#8243;][vc_single_image image=&#8221;14965&#8243; alignment=&#8221;center&#8221; onclick=&#8221;custom_link&#8221; link=&#8221;\/wydarzenia\/&#8221;][vc_separator border_width=&#8221;6&#8243; color=&#8221;#009ad5&#8243; thickness=&#8221;6&#8243; space_before=&#8221;30&#8243; space_after=&#8221;8&#8243; class=&#8221;bs-icon-spacer&#8221;][vc_custom_heading text=&#8221;Kursy, szkolenia i warsztaty&#8221; font_container=&#8221;tag:h3|text_align:center&#8221; use_theme_fonts=&#8221;yes&#8221; el_class=&#8221;bs-icon-header&#8221;][\/vc_column][\/vc_row][vc_row css_animation=&#8221;fadeInUp&#8221; el_class=&#8221;bs-offset-block&#8221;][vc_column][vc_row_inner inner_container=&#8221;true&#8221;][vc_column_inner el_class=&#8221;bs-offset-photo&#8221; width=&#8221;7\/12&#8243;][vc_single_image image=&#8221;15045&#8243; img_size=&#8221;large&#8221;][\/vc_column_inner][vc_column_inner el_class=&#8221;bs-offset-column bs-light-text&#8221; width=&#8221;5\/12&#8243;]        <div class=\"noo-heading-sc text-left\">\n                            <h2 class=\"noo-title-sc\">\n                    Blok dodatkowy                <\/h2>\n            \n\t                        <p class=\"noo-subtitle-sc\">\n\t\t\t                        <\/p>\n\t                <\/div>\n        [vc_column_text]Szukasz nowych wyzwa\u0144 zawodowych? Zapraszamy na nasze Targi Pracy. Oferujemy szeroki wyb\u00f3r ofert, kt\u00f3ry pomo\u017ce wkroczy\u0107 na \u015bci\u0119\u017ck\u0119 kariery &#8211; znajd\u017a idealne stanowisko dopasowane do Twoich umiej\u0119tno\u015bci i preferencji.[\/vc_column_text][vc_btn title=&#8221;Przejd\u017a do strony&#8221; style=&#8221;classic&#8221; shape=&#8221;square&#8221;][\/vc_column_inner][\/vc_row_inner][\/vc_column][\/vc_row][vc_row inner_container=&#8221;true&#8221; css_animation=&#8221;fadeInUp&#8221; el_class=&#8221;bs-posts-events&#8221;][vc_column][vc_row_inner][vc_column_inner el_class=&#8221;change-header&#8221; width=&#8221;2\/3&#8243;][vc_custom_heading text=&#8221;Aktualno\u015bci&#8221;][vc_basic_grid post_type=&#8221;post&#8221; max_items=&#8221;5&#8243; grid_id=&#8221;vc_gid:1689569034488-e00449e6-7401-7&#8243; el_class=&#8221;bs-post-grid&#8221;][vc_btn title=&#8221;Wi\u0119cej aktualno\u015bci&#8221; shape=&#8221;square&#8221; link=&#8221;url:https%3A%2F%2Fbiurokarier-test.wum.edu.pl%2Fen%2Fnews%2F|&#8221;][\/vc_column_inner][vc_column_inner width=&#8221;1\/3&#8243;][vc_custom_heading text=&#8221;Wydarzenia&#8221;]<div id=\"mec_skin_15364\" class=\"mec-wrap   \">\r\n\r\n    \r\n    <div class=\"mec-calendar \" id=\"mec_skin_events_15364_full\">\r\n        <div class=\"mec-calendar-topsec\">        <div class=\"mec-calendar-side mec-clear\">\r\n                        <div class=\"mec-skin-monthly-view-month-navigator-container\">\r\n                <div class=\"mec-month-navigator\" id=\"mec_month_navigator_15364_202605\"><div class=\"mec-previous-month mec-load-month mec-previous-month\" data-mec-year=\"2026\" data-mec-month=\"04\"><a href=\"#\" class=\"mec-load-month-link\"><i class=\"mec-sl-angle-left\"><\/i> April<\/a><\/div><div class=\"mec-calendar-header\"><h2>May 2026<\/h2><\/div><div class=\"mec-next-month mec-load-month mec-next-month\" data-mec-year=\"2026\" data-mec-month=\"06\"><a href=\"#\" class=\"mec-load-month-link\">June <i class=\"mec-sl-angle-right\"><\/i><\/a><\/div><\/div>\r\n            <\/div>\r\n            \r\n            <div class=\"mec-calendar-table\" id=\"mec_skin_events_15364\">\r\n                <div class=\"mec-month-container mec-month-container-selected\" id=\"mec_monthly_view_month_15364_202605\" data-month-id=\"202605\"><dl class=\"mec-calendar-table-head\"><dt class=\"mec-calendar-day-head\">MO<\/dt><dt class=\"mec-calendar-day-head\">TU<\/dt><dt class=\"mec-calendar-day-head\">WE<\/dt><dt class=\"mec-calendar-day-head\">TH<\/dt><dt class=\"mec-calendar-day-head\">FR<\/dt><dt class=\"mec-calendar-day-head\">SA<\/dt><dt class=\"mec-calendar-day-head\">SU<\/dt><\/dl><dl class=\"mec-calendar-row\">\r\n    <dt class=\"mec-table-nullday\">27<\/dt><dt class=\"mec-table-nullday\">28<\/dt><dt class=\"mec-table-nullday\">29<\/dt><dt class=\"mec-table-nullday\">30<\/dt><dt class=\"mec-calendar-day \" data-mec-cell=\"20260501\" data-day=\"1\" data-month=\"202605\">1<\/dt><\/dt><dt class=\"mec-calendar-day \" data-mec-cell=\"20260502\" data-day=\"2\" data-month=\"202605\">2<\/dt><\/dt><dt class=\"mec-calendar-day \" data-mec-cell=\"20260503\" data-day=\"3\" data-month=\"202605\">3<\/dt><\/dt><\/dl><dl class=\"mec-calendar-row\"><dt class=\"mec-calendar-day \" data-mec-cell=\"20260504\" data-day=\"4\" data-month=\"202605\">4<\/dt><\/dt><dt class=\"mec-calendar-day \" data-mec-cell=\"20260505\" data-day=\"5\" data-month=\"202605\">5<\/dt><\/dt><dt class=\"mec-calendar-day \" data-mec-cell=\"20260506\" data-day=\"6\" data-month=\"202605\">6<\/dt><\/dt><dt class=\"mec-calendar-day \" data-mec-cell=\"20260507\" data-day=\"7\" data-month=\"202605\">7<\/dt><\/dt><dt class=\"mec-calendar-day \" data-mec-cell=\"20260508\" data-day=\"8\" data-month=\"202605\">8<\/dt><\/dt><dt class=\"mec-calendar-day \" data-mec-cell=\"20260509\" data-day=\"9\" data-month=\"202605\">9<\/dt><\/dt><dt class=\"mec-calendar-day \" data-mec-cell=\"20260510\" data-day=\"10\" data-month=\"202605\">10<\/dt><\/dt><\/dl><dl class=\"mec-calendar-row\"><dt class=\"mec-calendar-day \" data-mec-cell=\"20260511\" data-day=\"11\" data-month=\"202605\">11<\/dt><\/dt><dt class=\"mec-calendar-day \" data-mec-cell=\"20260512\" data-day=\"12\" data-month=\"202605\">12<\/dt><\/dt><dt class=\"mec-calendar-day  mec-selected-day\" data-mec-cell=\"20260513\" data-day=\"13\" data-month=\"202605\">13<\/dt><\/dt><dt class=\"mec-calendar-day \" data-mec-cell=\"20260514\" data-day=\"14\" data-month=\"202605\">14<\/dt><\/dt><dt class=\"mec-calendar-day \" data-mec-cell=\"20260515\" data-day=\"15\" data-month=\"202605\">15<\/dt><\/dt><dt class=\"mec-calendar-day \" data-mec-cell=\"20260516\" data-day=\"16\" data-month=\"202605\">16<\/dt><\/dt><dt class=\"mec-calendar-day \" data-mec-cell=\"20260517\" data-day=\"17\" data-month=\"202605\">17<\/dt><\/dt><\/dl><dl class=\"mec-calendar-row\"><dt class=\"mec-calendar-day \" data-mec-cell=\"20260518\" data-day=\"18\" data-month=\"202605\">18<\/dt><\/dt><dt class=\"mec-calendar-day \" data-mec-cell=\"20260519\" data-day=\"19\" data-month=\"202605\">19<\/dt><\/dt><dt class=\"mec-calendar-day \" data-mec-cell=\"20260520\" data-day=\"20\" data-month=\"202605\">20<\/dt><\/dt><dt class=\"mec-calendar-day \" data-mec-cell=\"20260521\" data-day=\"21\" data-month=\"202605\">21<\/dt><\/dt><dt class=\"mec-calendar-day \" data-mec-cell=\"20260522\" data-day=\"22\" data-month=\"202605\">22<\/dt><\/dt><dt class=\"mec-calendar-day \" data-mec-cell=\"20260523\" data-day=\"23\" data-month=\"202605\">23<\/dt><\/dt><dt class=\"mec-calendar-day \" data-mec-cell=\"20260524\" data-day=\"24\" data-month=\"202605\">24<\/dt><\/dt><\/dl><dl class=\"mec-calendar-row\"><dt class=\"mec-calendar-day \" data-mec-cell=\"20260525\" data-day=\"25\" data-month=\"202605\">25<\/dt><\/dt><dt class=\"mec-calendar-day \" data-mec-cell=\"20260526\" data-day=\"26\" data-month=\"202605\">26<\/dt><\/dt><dt class=\"mec-calendar-day \" data-mec-cell=\"20260527\" data-day=\"27\" data-month=\"202605\">27<\/dt><\/dt><dt class=\"mec-calendar-day \" data-mec-cell=\"20260528\" data-day=\"28\" data-month=\"202605\">28<\/dt><\/dt><dt class=\"mec-calendar-day \" data-mec-cell=\"20260529\" data-day=\"29\" data-month=\"202605\">29<\/dt><\/dt><dt class=\"mec-calendar-day \" data-mec-cell=\"20260530\" data-day=\"30\" data-month=\"202605\">30<\/dt><\/dt><dt class=\"mec-calendar-day \" data-mec-cell=\"20260531\" data-day=\"31\" data-month=\"202605\">31<\/dt><\/dt><\/dl><dl class=\"mec-calendar-row\"><\/dl>\r\n<\/div>\r\n            <\/div>\r\n\r\n                    <\/div>\r\n        <div class=\"mec-calendar-events-side mec-clear\"><div class=\"mec-month-side\" id=\"mec_month_side_15364_202605\"><div class=\"mec-calendar-events-sec\" id=\"mec-calendar-events-sec-15364-20260501\" data-mec-cell=\"20260501\" ><h6 class=\"mec-table-side-title\">Events for <span class=\"mec-color mec-table-side-day\"> 1<\/span> May<\/h6><article class=\"mec-event-article\"><div class=\"mec-event-detail\">No Events<\/div><\/article><\/div><div class=\"mec-calendar-events-sec\" id=\"mec-calendar-events-sec-15364-20260502\" data-mec-cell=\"20260502\" ><h6 class=\"mec-table-side-title\">Events for <span class=\"mec-color mec-table-side-day\"> 2<\/span> May<\/h6><article class=\"mec-event-article\"><div class=\"mec-event-detail\">No Events<\/div><\/article><\/div><div class=\"mec-calendar-events-sec\" id=\"mec-calendar-events-sec-15364-20260503\" data-mec-cell=\"20260503\" ><h6 class=\"mec-table-side-title\">Events for <span class=\"mec-color mec-table-side-day\"> 3<\/span> May<\/h6><article class=\"mec-event-article\"><div class=\"mec-event-detail\">No Events<\/div><\/article><\/div><div class=\"mec-calendar-events-sec\" id=\"mec-calendar-events-sec-15364-20260504\" data-mec-cell=\"20260504\" ><h6 class=\"mec-table-side-title\">Events for <span class=\"mec-color mec-table-side-day\"> 4<\/span> May<\/h6><article class=\"mec-event-article\"><div class=\"mec-event-detail\">No Events<\/div><\/article><\/div><div class=\"mec-calendar-events-sec\" id=\"mec-calendar-events-sec-15364-20260505\" data-mec-cell=\"20260505\" ><h6 class=\"mec-table-side-title\">Events for <span class=\"mec-color mec-table-side-day\"> 5<\/span> May<\/h6><article class=\"mec-event-article\"><div class=\"mec-event-detail\">No Events<\/div><\/article><\/div><div class=\"mec-calendar-events-sec\" id=\"mec-calendar-events-sec-15364-20260506\" data-mec-cell=\"20260506\" ><h6 class=\"mec-table-side-title\">Events for <span class=\"mec-color mec-table-side-day\"> 6<\/span> May<\/h6><article class=\"mec-event-article\"><div class=\"mec-event-detail\">No Events<\/div><\/article><\/div><div class=\"mec-calendar-events-sec\" id=\"mec-calendar-events-sec-15364-20260507\" data-mec-cell=\"20260507\" ><h6 class=\"mec-table-side-title\">Events for <span class=\"mec-color mec-table-side-day\"> 7<\/span> May<\/h6><article class=\"mec-event-article\"><div class=\"mec-event-detail\">No Events<\/div><\/article><\/div><div class=\"mec-calendar-events-sec\" id=\"mec-calendar-events-sec-15364-20260508\" data-mec-cell=\"20260508\" ><h6 class=\"mec-table-side-title\">Events for <span class=\"mec-color mec-table-side-day\"> 8<\/span> May<\/h6><article class=\"mec-event-article\"><div class=\"mec-event-detail\">No Events<\/div><\/article><\/div><div class=\"mec-calendar-events-sec\" id=\"mec-calendar-events-sec-15364-20260509\" data-mec-cell=\"20260509\" ><h6 class=\"mec-table-side-title\">Events for <span class=\"mec-color mec-table-side-day\"> 9<\/span> May<\/h6><article class=\"mec-event-article\"><div class=\"mec-event-detail\">No Events<\/div><\/article><\/div><div class=\"mec-calendar-events-sec\" id=\"mec-calendar-events-sec-15364-20260510\" data-mec-cell=\"20260510\" ><h6 class=\"mec-table-side-title\">Events for <span class=\"mec-color mec-table-side-day\"> 10<\/span> May<\/h6><article class=\"mec-event-article\"><div class=\"mec-event-detail\">No Events<\/div><\/article><\/div><div class=\"mec-calendar-events-sec\" id=\"mec-calendar-events-sec-15364-20260511\" data-mec-cell=\"20260511\" ><h6 class=\"mec-table-side-title\">Events for <span class=\"mec-color mec-table-side-day\"> 11<\/span> May<\/h6><article class=\"mec-event-article\"><div class=\"mec-event-detail\">No Events<\/div><\/article><\/div><div class=\"mec-calendar-events-sec\" id=\"mec-calendar-events-sec-15364-20260512\" data-mec-cell=\"20260512\" ><h6 class=\"mec-table-side-title\">Events for <span class=\"mec-color mec-table-side-day\"> 12<\/span> May<\/h6><article class=\"mec-event-article\"><div class=\"mec-event-detail\">No Events<\/div><\/article><\/div><div class=\"mec-calendar-events-sec\" id=\"mec-calendar-events-sec-15364-20260513\" data-mec-cell=\"20260513\"  style=\"display: block;\"><h6 class=\"mec-table-side-title\">Events for <span class=\"mec-color mec-table-side-day\"> 13<\/span> May<\/h6><article class=\"mec-event-article\"><div class=\"mec-event-detail\">No Events<\/div><\/article><\/div><div class=\"mec-calendar-events-sec\" id=\"mec-calendar-events-sec-15364-20260514\" data-mec-cell=\"20260514\" ><h6 class=\"mec-table-side-title\">Events for <span class=\"mec-color mec-table-side-day\"> 14<\/span> May<\/h6><article class=\"mec-event-article\"><div class=\"mec-event-detail\">No Events<\/div><\/article><\/div><div class=\"mec-calendar-events-sec\" id=\"mec-calendar-events-sec-15364-20260515\" data-mec-cell=\"20260515\" ><h6 class=\"mec-table-side-title\">Events for <span class=\"mec-color mec-table-side-day\"> 15<\/span> May<\/h6><article class=\"mec-event-article\"><div class=\"mec-event-detail\">No Events<\/div><\/article><\/div><div class=\"mec-calendar-events-sec\" id=\"mec-calendar-events-sec-15364-20260516\" data-mec-cell=\"20260516\" ><h6 class=\"mec-table-side-title\">Events for <span class=\"mec-color mec-table-side-day\"> 16<\/span> May<\/h6><article class=\"mec-event-article\"><div class=\"mec-event-detail\">No Events<\/div><\/article><\/div><div class=\"mec-calendar-events-sec\" id=\"mec-calendar-events-sec-15364-20260517\" data-mec-cell=\"20260517\" ><h6 class=\"mec-table-side-title\">Events for <span class=\"mec-color mec-table-side-day\"> 17<\/span> May<\/h6><article class=\"mec-event-article\"><div class=\"mec-event-detail\">No Events<\/div><\/article><\/div><div class=\"mec-calendar-events-sec\" id=\"mec-calendar-events-sec-15364-20260518\" data-mec-cell=\"20260518\" ><h6 class=\"mec-table-side-title\">Events for <span class=\"mec-color mec-table-side-day\"> 18<\/span> May<\/h6><article class=\"mec-event-article\"><div class=\"mec-event-detail\">No Events<\/div><\/article><\/div><div class=\"mec-calendar-events-sec\" id=\"mec-calendar-events-sec-15364-20260519\" data-mec-cell=\"20260519\" ><h6 class=\"mec-table-side-title\">Events for <span class=\"mec-color mec-table-side-day\"> 19<\/span> May<\/h6><article class=\"mec-event-article\"><div class=\"mec-event-detail\">No Events<\/div><\/article><\/div><div class=\"mec-calendar-events-sec\" id=\"mec-calendar-events-sec-15364-20260520\" data-mec-cell=\"20260520\" ><h6 class=\"mec-table-side-title\">Events for <span class=\"mec-color mec-table-side-day\"> 20<\/span> May<\/h6><article class=\"mec-event-article\"><div class=\"mec-event-detail\">No Events<\/div><\/article><\/div><div class=\"mec-calendar-events-sec\" id=\"mec-calendar-events-sec-15364-20260521\" data-mec-cell=\"20260521\" ><h6 class=\"mec-table-side-title\">Events for <span class=\"mec-color mec-table-side-day\"> 21<\/span> May<\/h6><article class=\"mec-event-article\"><div class=\"mec-event-detail\">No Events<\/div><\/article><\/div><div class=\"mec-calendar-events-sec\" id=\"mec-calendar-events-sec-15364-20260522\" data-mec-cell=\"20260522\" ><h6 class=\"mec-table-side-title\">Events for <span class=\"mec-color mec-table-side-day\"> 22<\/span> May<\/h6><article class=\"mec-event-article\"><div class=\"mec-event-detail\">No Events<\/div><\/article><\/div><div class=\"mec-calendar-events-sec\" id=\"mec-calendar-events-sec-15364-20260523\" data-mec-cell=\"20260523\" ><h6 class=\"mec-table-side-title\">Events for <span class=\"mec-color mec-table-side-day\"> 23<\/span> May<\/h6><article class=\"mec-event-article\"><div class=\"mec-event-detail\">No Events<\/div><\/article><\/div><div class=\"mec-calendar-events-sec\" id=\"mec-calendar-events-sec-15364-20260524\" data-mec-cell=\"20260524\" ><h6 class=\"mec-table-side-title\">Events for <span class=\"mec-color mec-table-side-day\"> 24<\/span> May<\/h6><article class=\"mec-event-article\"><div class=\"mec-event-detail\">No Events<\/div><\/article><\/div><div class=\"mec-calendar-events-sec\" id=\"mec-calendar-events-sec-15364-20260525\" data-mec-cell=\"20260525\" ><h6 class=\"mec-table-side-title\">Events for <span class=\"mec-color mec-table-side-day\"> 25<\/span> May<\/h6><article class=\"mec-event-article\"><div class=\"mec-event-detail\">No Events<\/div><\/article><\/div><div class=\"mec-calendar-events-sec\" id=\"mec-calendar-events-sec-15364-20260526\" data-mec-cell=\"20260526\" ><h6 class=\"mec-table-side-title\">Events for <span class=\"mec-color mec-table-side-day\"> 26<\/span> May<\/h6><article class=\"mec-event-article\"><div class=\"mec-event-detail\">No Events<\/div><\/article><\/div><div class=\"mec-calendar-events-sec\" id=\"mec-calendar-events-sec-15364-20260527\" data-mec-cell=\"20260527\" ><h6 class=\"mec-table-side-title\">Events for <span class=\"mec-color mec-table-side-day\"> 27<\/span> May<\/h6><article class=\"mec-event-article\"><div class=\"mec-event-detail\">No Events<\/div><\/article><\/div><div class=\"mec-calendar-events-sec\" id=\"mec-calendar-events-sec-15364-20260528\" data-mec-cell=\"20260528\" ><h6 class=\"mec-table-side-title\">Events for <span class=\"mec-color mec-table-side-day\"> 28<\/span> May<\/h6><article class=\"mec-event-article\"><div class=\"mec-event-detail\">No Events<\/div><\/article><\/div><div class=\"mec-calendar-events-sec\" id=\"mec-calendar-events-sec-15364-20260529\" data-mec-cell=\"20260529\" ><h6 class=\"mec-table-side-title\">Events for <span class=\"mec-color mec-table-side-day\"> 29<\/span> May<\/h6><article class=\"mec-event-article\"><div class=\"mec-event-detail\">No Events<\/div><\/article><\/div><div class=\"mec-calendar-events-sec\" id=\"mec-calendar-events-sec-15364-20260530\" data-mec-cell=\"20260530\" ><h6 class=\"mec-table-side-title\">Events for <span class=\"mec-color mec-table-side-day\"> 30<\/span> May<\/h6><article class=\"mec-event-article\"><div class=\"mec-event-detail\">No Events<\/div><\/article><\/div><div class=\"mec-calendar-events-sec\" id=\"mec-calendar-events-sec-15364-20260531\" data-mec-cell=\"20260531\" ><h6 class=\"mec-table-side-title\">Events for <span class=\"mec-color mec-table-side-day\"> 31<\/span> May<\/h6><article class=\"mec-event-article\"><div class=\"mec-event-detail\">No Events<\/div><\/article><\/div><\/div><\/div><\/div><div class=\"mec-event-footer\"><\/div>    <\/div>\r\n\r\n        \r\n        <div class=\"mec-modal-result\"><\/div>\r\n\r\n<\/div>[vc_btn title=&#8221;Wi\u0119cej wydarze\u0144&#8221; shape=&#8221;square&#8221; el_class=&#8221;events-button&#8221; link=&#8221;url:%2Fwydarzenia|&#8221;][vc_column_text el_class=&#8221;new-event-information&#8221;]Propozycje wydarze\u0144 mo\u017cna zg\u0142asza\u0107 na e-mail: <a href=\"mailto:biurokarier@wum.edu.pl\">biurokarier@wum.edu.pl<\/a>.[\/vc_column_text][\/vc_column_inner][\/vc_row_inner][\/vc_column][\/vc_row][vc_row gap=&#8221;5&#8243; css_animation=&#8221;none&#8221;][vc_column css=&#8221;.vc_custom_1686563510911{background-color: #1d2758 !important;}&#8221; el_class=&#8221;block-newsletter&#8221;][vc_row_inner][vc_column_inner el_class=&#8221;newsletter-col1&#8243;][vc_custom_heading text=&#8221;Zapisz si\u0119 do Newslettera&#8221; font_container=&#8221;tag:h2|text_align:right&#8221; el_class=&#8221;newsletter&#8221; link=&#8221;url:https%3A%2F%2Fbiurokarier-test.wum.edu.pl%2Fformularz-newsletter%2F|&#8221;][\/vc_column_inner][\/vc_row_inner][\/vc_column][\/vc_row]<\/p>\n<\/div>","protected":false},"excerpt":{"rendered":"<p>[vc_row parallax=&#8221;content-moving-fade&#8221; parallax_image=&#8221;16801&#8243; parallax_speed_bg=&#8221;1&#8243; el_class=&#8221;bs-baner-linear&#8221;][vc_column][vc_row_inner inner_container=&#8221;true&#8221; css=&#8221;.vc_custom_1684317885173{margin-top: 200px !important;margin-bottom: 120px !important;}&#8221; el_class=&#8221;bs-banner-row&#8221;][vc_column_inner el_class=&#8221;bs-transparent-column bs-light-text&#8221; width=&#8221;5\/12&#8243; css=&#8221;.vc_custom_1684316963870{padding-right: 40px !important;}&#8221;][vc_column_text]Oferty pracy, praktyk czy sta\u017cy. Informacje o ciekawych wydarzeniach. Mo\u017cliwo\u015b\u0107 zapisania si\u0119 na<\/p>\n","protected":false},"author":4,"featured_media":0,"parent":0,"menu_order":0,"comment_status":"closed","ping_status":"closed","template":"page-full-width.php","meta":{"_acf_changed":false,"_themeisle_gutenberg_block_has_review":false,"footnotes":""},"class_list":["post-13507","page","type-page","status-publish","hentry","no-featured"],"acf":[],"_links":{"self":[{"href":"https:\/\/biurokarier-test.wum.edu.pl\/en\/wp-json\/wp\/v2\/pages\/13507","targetHints":{"allow":["GET"]}}],"collection":[{"href":"https:\/\/biurokarier-test.wum.edu.pl\/en\/wp-json\/wp\/v2\/pages"}],"about":[{"href":"https:\/\/biurokarier-test.wum.edu.pl\/en\/wp-json\/wp\/v2\/types\/page"}],"author":[{"embeddable":true,"href":"https:\/\/biurokarier-test.wum.edu.pl\/en\/wp-json\/wp\/v2\/users\/4"}],"replies":[{"embeddable":true,"href":"https:\/\/biurokarier-test.wum.edu.pl\/en\/wp-json\/wp\/v2\/comments?post=13507"}],"version-history":[{"count":16,"href":"https:\/\/biurokarier-test.wum.edu.pl\/en\/wp-json\/wp\/v2\/pages\/13507\/revisions"}],"predecessor-version":[{"id":16915,"href":"https:\/\/biurokarier-test.wum.edu.pl\/en\/wp-json\/wp\/v2\/pages\/13507\/revisions\/16915"}],"wp:attachment":[{"href":"https:\/\/biurokarier-test.wum.edu.pl\/en\/wp-json\/wp\/v2\/media?parent=13507"}],"curies":[{"name":"wp","href":"https:\/\/api.w.org\/{rel}","templated":true}]}}